{"id":158,"date":"2024-12-02T23:59:16","date_gmt":"2024-12-03T02:59:16","guid":{"rendered":"https:\/\/ccconsorcios.com.br\/?page_id=158"},"modified":"2024-12-05T16:00:18","modified_gmt":"2024-12-05T19:00:18","slug":"guia-consorcio-imobiliario","status":"publish","type":"page","link":"https:\/\/ccconsorcios.com.br\/index.php\/guia-consorcio-imobiliario\/","title":{"rendered":"Guia consorcio imobiliario"},"content":{"rendered":"\t\t<div data-elementor-type=\"wp-page\" data-elementor-id=\"158\" class=\"elementor elementor-158\">\n\t\t\t\t\t\t<section class=\"elementor-section elementor-top-section elementor-element elementor-element-6fbfd6bb elementor-section-boxed elementor-section-height-default elementor-section-height-default wpr-particle-no wpr-jarallax-no wpr-parallax-no wpr-sticky-section-no elementor-invisible\" data-id=\"6fbfd6bb\" data-element_type=\"section\" data-settings=\"{&quot;background_background&quot;:&quot;classic&quot;,&quot;shape_divider_bottom&quot;:&quot;triangle&quot;,&quot;shape_divider_bottom_negative&quot;:&quot;yes&quot;,&quot;animation&quot;:&quot;fadeIn&quot;}\">\n\t\t\t\t\t\t\t<div class=\"elementor-background-overlay\"><\/div>\n\t\t\t\t\t\t<div class=\"elementor-shape elementor-shape-bottom\" data-negative=\"true\">\n\t\t\t<svg xmlns=\"http:\/\/www.w3.org\/2000\/svg\" viewBox=\"0 0 1000 100\" preserveAspectRatio=\"none\">\n\t<path class=\"elementor-shape-fill\" d=\"M500.2,94.7L0,0v100h1000V0L500.2,94.7z\"\/>\n<\/svg>\t\t<\/div>\n\t\t\t\t\t<div class=\"elementor-container elementor-column-gap-default\">\n\t\t\t\t\t<div class=\"elementor-column elementor-col-50 elementor-top-column elementor-element elementor-element-5854e721\" data-id=\"5854e721\" data-element_type=\"column\">\n\t\t\t<div class=\"elementor-widget-wrap elementor-element-populated\">\n\t\t\t\t\t\t<div class=\"elementor-element elementor-element-1991889 elementor-widget elementor-widget-image\" data-id=\"1991889\" data-element_type=\"widget\" data-widget_type=\"image.default\">\n\t\t\t\t<div class=\"elementor-widget-container\">\n\t\t\t\t\t\t\t\t\t\t\t\t\t<img fetchpriority=\"high\" decoding=\"async\" width=\"600\" height=\"148\" src=\"https:\/\/ccconsorcios.com.br\/wp-content\/uploads\/2024\/07\/logocc.png\" class=\"attachment-large size-large wp-image-71\" alt=\"\" srcset=\"https:\/\/ccconsorcios.com.br\/wp-content\/uploads\/2024\/07\/logocc.png 600w, https:\/\/ccconsorcios.com.br\/wp-content\/uploads\/2024\/07\/logocc-300x74.png 300w\" sizes=\"(max-width: 600px) 100vw, 600px\" \/>\t\t\t\t\t\t\t\t\t\t\t\t\t<\/div>\n\t\t\t\t<\/div>\n\t\t\t\t<div class=\"elementor-element elementor-element-3fff5f41 elementor-widget elementor-widget-heading\" data-id=\"3fff5f41\" data-element_type=\"widget\" data-widget_type=\"heading.default\">\n\t\t\t\t<div class=\"elementor-widget-container\">\n\t\t\t<h1 class=\"elementor-heading-title elementor-size-default\"><strong>Voc\u00ea est\u00e1 a um passo de transformar seu sonho em realidade!<\/strong><\/h1>\t\t<\/div>\n\t\t\t\t<\/div>\n\t\t\t\t<div class=\"elementor-element elementor-element-77739602 elementor-widget elementor-widget-text-editor\" data-id=\"77739602\" data-element_type=\"widget\" data-widget_type=\"text-editor.default\">\n\t\t\t\t<div class=\"elementor-widget-container\">\n\t\t\t\t\t\t\t<p>Preencha o formul\u00e1rio ao lado e receba o <strong>Guia Completo de Cons\u00f3rcio Imobili\u00e1rio<\/strong>, que vai te ajudar a:<\/p><ul><li>Entender como funciona o cons\u00f3rcio imobili\u00e1rio.<\/li><li>Descobrir as vantagens incr\u00edveis da HS Cons\u00f3rcios, como o benef\u00edcio da meia parcela at\u00e9 a contempla\u00e7\u00e3o.<\/li><li>Comparar o cons\u00f3rcio com outras modalidades e planejar sua compra com economia e seguran\u00e7a.<\/li><li>Conhecer hist\u00f3rias reais de quem j\u00e1 conquistou seu im\u00f3vel sem juros!<\/li><\/ul><p><strong>Facilidade, economia e liberdade financeira est\u00e3o a um clique de dist\u00e2ncia.<\/strong> N\u00e3o perca tempo, baixe agora e comece a transformar o seu futuro!<\/p>\t\t\t\t\t\t<\/div>\n\t\t\t\t<\/div>\n\t\t\t\t\t<\/div>\n\t\t<\/div>\n\t\t\t\t<div class=\"elementor-column elementor-col-50 elementor-top-column elementor-element elementor-element-4fe3510c\" data-id=\"4fe3510c\" data-element_type=\"column\" data-settings=\"{&quot;background_background&quot;:&quot;classic&quot;}\">\n\t\t\t<div class=\"elementor-widget-wrap elementor-element-populated\">\n\t\t\t\t\t\t<div class=\"elementor-element elementor-element-7ac387f4 elementor-widget elementor-widget-heading\" data-id=\"7ac387f4\" data-element_type=\"widget\" data-widget_type=\"heading.default\">\n\t\t\t\t<div class=\"elementor-widget-container\">\n\t\t\t<h2 class=\"elementor-heading-title elementor-size-default\">Para iniciar o download preencha suas informa\u00e7\u00f5es<\/h2>\t\t<\/div>\n\t\t\t\t<\/div>\n\t\t\t\t<div class=\"elementor-element elementor-element-11848ff5 elementor-widget-mobile__width-inherit elementor-widget elementor-widget-wpforms\" data-id=\"11848ff5\" data-element_type=\"widget\" data-widget_type=\"wpforms.default\">\n\t\t\t\t<div class=\"elementor-widget-container\">\n\t\t\t<style id=\"wpforms-css-vars-root\">\n\t\t\t\t:root {\n\t\t\t\t\t--wpforms-field-border-radius: 3px;\n--wpforms-field-border-style: solid;\n--wpforms-field-border-size: 1px;\n--wpforms-field-background-color: #ffffff;\n--wpforms-field-border-color: rgba( 0, 0, 0, 0.25 );\n--wpforms-field-border-color-spare: rgba( 0, 0, 0, 0.25 );\n--wpforms-field-text-color: rgba( 0, 0, 0, 0.7 );\n--wpforms-field-menu-color: #ffffff;\n--wpforms-label-color: rgba( 0, 0, 0, 0.85 );\n--wpforms-label-sublabel-color: rgba( 0, 0, 0, 0.55 );\n--wpforms-label-error-color: #d63637;\n--wpforms-button-border-radius: 3px;\n--wpforms-button-border-style: none;\n--wpforms-button-border-size: 1px;\n--wpforms-button-background-color: #066aab;\n--wpforms-button-border-color: #066aab;\n--wpforms-button-text-color: #ffffff;\n--wpforms-page-break-color: #066aab;\n--wpforms-background-image: none;\n--wpforms-background-position: center center;\n--wpforms-background-repeat: no-repeat;\n--wpforms-background-size: cover;\n--wpforms-background-width: 100px;\n--wpforms-background-height: 100px;\n--wpforms-background-color: rgba( 0, 0, 0, 0 );\n--wpforms-background-url: none;\n--wpforms-container-padding: 0px;\n--wpforms-container-border-style: none;\n--wpforms-container-border-width: 1px;\n--wpforms-container-border-color: #000000;\n--wpforms-container-border-radius: 3px;\n--wpforms-field-size-input-height: 43px;\n--wpforms-field-size-input-spacing: 15px;\n--wpforms-field-size-font-size: 16px;\n--wpforms-field-size-line-height: 19px;\n--wpforms-field-size-padding-h: 14px;\n--wpforms-field-size-checkbox-size: 16px;\n--wpforms-field-size-sublabel-spacing: 5px;\n--wpforms-field-size-icon-size: 1;\n--wpforms-label-size-font-size: 16px;\n--wpforms-label-size-line-height: 19px;\n--wpforms-label-size-sublabel-font-size: 14px;\n--wpforms-label-size-sublabel-line-height: 17px;\n--wpforms-button-size-font-size: 17px;\n--wpforms-button-size-height: 41px;\n--wpforms-button-size-padding-h: 15px;\n--wpforms-button-size-margin-top: 10px;\n--wpforms-container-shadow-size-box-shadow: none;\n\n\t\t\t\t}\n\t\t\t<\/style><style id=\"wpforms-css-vars-elementor-widget-11848ff5\">\n\t\t\t\t.elementor-widget-wpforms.elementor-element-11848ff5 {\n\t\t\t\t\t--wpforms-field-background-color: #D8DBEB;\n--wpforms-field-size-input-height: 43px;\n--wpforms-field-size-input-spacing: 15px;\n--wpforms-field-size-font-size: 16px;\n--wpforms-field-size-line-height: 19px;\n--wpforms-field-size-padding-h: 14px;\n--wpforms-field-size-checkbox-size: 16px;\n--wpforms-field-size-sublabel-spacing: 5px;\n--wpforms-field-size-icon-size: 1;\n--wpforms-label-size-font-size: 16px;\n--wpforms-label-size-line-height: 19px;\n--wpforms-label-size-sublabel-font-size: 14px;\n--wpforms-label-size-sublabel-line-height: 17px;\n--wpforms-button-size-font-size: 20px;\n--wpforms-button-size-height: 48px;\n--wpforms-button-size-padding-h: 20px;\n--wpforms-button-size-margin-top: 15px;\n\n\t\t\t\t}\n\t\t\t<\/style><div class=\"wpforms-container wpforms-container-full wpforms-render-modern\" id=\"wpforms-183\"><form id=\"wpforms-form-183\" class=\"wpforms-validate wpforms-form wpforms-ajax-form\" data-formid=\"183\" method=\"post\" enctype=\"multipart\/form-data\" action=\"\/index.php\/wp-json\/wp\/v2\/pages\/158\" data-token=\"450a945d04ae18731feb4f927f1aa94b\" data-token-time=\"1776617357\"><noscript class=\"wpforms-error-noscript\">Ative o JavaScript no seu navegador para preencher este formul\u00e1rio.<\/noscript><div class=\"wpforms-hidden\" id=\"wpforms-error-noscript\">Ative o JavaScript no seu navegador para preencher este formul\u00e1rio.<\/div><div class=\"wpforms-field-container\"><div id=\"wpforms-183-field_0-container\" class=\"wpforms-field wpforms-field-name\" data-field-id=\"0\"><label class=\"wpforms-field-label\" for=\"wpforms-183-field_0\">Name <span class=\"wpforms-required-label\" aria-hidden=\"true\">*<\/span><\/label><input type=\"text\" id=\"wpforms-183-field_0\" class=\"wpforms-field-large wpforms-field-required\" name=\"wpforms[fields][0]\" aria-errormessage=\"wpforms-183-field_0-error\" required><\/div><div id=\"wpforms-183-field_14-container\" class=\"wpforms-field wpforms-field-text\" data-field-id=\"14\"><label class=\"wpforms-field-label\" for=\"wpforms-183-field_14\">Telefone\/WhatsApp <span class=\"wpforms-required-label\" aria-hidden=\"true\">*<\/span><\/label><input type=\"text\" id=\"wpforms-183-field_14\" class=\"wpforms-field-large wpforms-field-required\" name=\"wpforms[fields][14]\" aria-errormessage=\"wpforms-183-field_14-error\" required><\/div><div id=\"wpforms-183-field_1-container\" class=\"wpforms-field wpforms-field-email\" data-field-id=\"1\"><label class=\"wpforms-field-label\" for=\"wpforms-183-field_1\">Email <span class=\"wpforms-required-label\" aria-hidden=\"true\">*<\/span><\/label><input type=\"email\" id=\"wpforms-183-field_1\" class=\"wpforms-field-large wpforms-field-required\" name=\"wpforms[fields][1]\" spellcheck=\"false\" aria-errormessage=\"wpforms-183-field_1-error\" required><\/div><div id=\"wpforms-183-field_7-container\" class=\"wpforms-field wpforms-field-radio\" data-field-id=\"7\"><fieldset><legend class=\"wpforms-field-label\">Qual o seu objetivo com o cons\u00f3rcio imobili\u00e1rio? <span class=\"wpforms-required-label\" aria-hidden=\"true\">*<\/span><\/legend><ul id=\"wpforms-183-field_7\" class=\"wpforms-field-required\"><li class=\"choice-1 depth-1\"><input type=\"radio\" id=\"wpforms-183-field_7_1\" name=\"wpforms[fields][7]\" value=\"Comprar a primeira casa\" aria-errormessage=\"wpforms-183-field_7_1-error\" required ><label class=\"wpforms-field-label-inline\" for=\"wpforms-183-field_7_1\">Comprar a primeira casa<\/label><\/li><li class=\"choice-2 depth-1\"><input type=\"radio\" id=\"wpforms-183-field_7_2\" name=\"wpforms[fields][7]\" value=\"Investir em im\u00f3veis\" aria-errormessage=\"wpforms-183-field_7_2-error\" required ><label class=\"wpforms-field-label-inline\" for=\"wpforms-183-field_7_2\">Investir em im\u00f3veis<\/label><\/li><li class=\"choice-3 depth-1\"><input type=\"radio\" id=\"wpforms-183-field_7_3\" name=\"wpforms[fields][7]\" value=\"Trocar de im\u00f3vel\" aria-errormessage=\"wpforms-183-field_7_3-error\" required ><label class=\"wpforms-field-label-inline\" for=\"wpforms-183-field_7_3\">Trocar de im\u00f3vel<\/label><\/li><li class=\"choice-4 depth-1\"><input type=\"radio\" id=\"wpforms-183-field_7_4\" name=\"wpforms[fields][7]\" value=\"Outros\" aria-errormessage=\"wpforms-183-field_7_4-error\" required ><label class=\"wpforms-field-label-inline\" for=\"wpforms-183-field_7_4\">Outros<\/label><\/li><\/ul><\/fieldset><\/div><div id=\"wpforms-183-field_15-container\" class=\"wpforms-field wpforms-field-radio\" data-field-id=\"15\"><fieldset><legend class=\"wpforms-field-label\">Voc\u00ea j\u00e1 conhece como funciona o cons\u00f3rcio imobili\u00e1rio? <span class=\"wpforms-required-label\" aria-hidden=\"true\">*<\/span><\/legend><ul id=\"wpforms-183-field_15\" class=\"wpforms-field-required\"><li class=\"choice-1 depth-1\"><input type=\"radio\" id=\"wpforms-183-field_15_1\" name=\"wpforms[fields][15]\" value=\"Sim\" aria-errormessage=\"wpforms-183-field_15_1-error\" required ><label class=\"wpforms-field-label-inline\" for=\"wpforms-183-field_15_1\">Sim<\/label><\/li><li class=\"choice-2 depth-1\"><input type=\"radio\" id=\"wpforms-183-field_15_2\" name=\"wpforms[fields][15]\" value=\"N\u00e3o\" aria-errormessage=\"wpforms-183-field_15_2-error\" required ><label class=\"wpforms-field-label-inline\" for=\"wpforms-183-field_15_2\">N\u00e3o<\/label><\/li><\/ul><\/fieldset><\/div><div id=\"wpforms-183-field_16-container\" class=\"wpforms-field wpforms-field-radio\" data-field-id=\"16\"><fieldset><legend class=\"wpforms-field-label\">Voc\u00ea j\u00e1 participa de algum cons\u00f3rcio? <span class=\"wpforms-required-label\" aria-hidden=\"true\">*<\/span><\/legend><ul id=\"wpforms-183-field_16\" class=\"wpforms-field-required\"><li class=\"choice-1 depth-1\"><input type=\"radio\" id=\"wpforms-183-field_16_1\" name=\"wpforms[fields][16]\" value=\"Sim\" aria-errormessage=\"wpforms-183-field_16_1-error\" required ><label class=\"wpforms-field-label-inline\" for=\"wpforms-183-field_16_1\">Sim<\/label><\/li><li class=\"choice-2 depth-1\"><input type=\"radio\" id=\"wpforms-183-field_16_2\" name=\"wpforms[fields][16]\" value=\"N\u00e3o\" aria-errormessage=\"wpforms-183-field_16_2-error\" required ><label class=\"wpforms-field-label-inline\" for=\"wpforms-183-field_16_2\">N\u00e3o<\/label><\/li><\/ul><\/fieldset><\/div><\/div><!-- .wpforms-field-container --><div class=\"wpforms-submit-container\" ><input type=\"hidden\" name=\"wpforms[id]\" value=\"183\"><input type=\"hidden\" name=\"page_title\" value=\"\"><input type=\"hidden\" name=\"page_url\" value=\"https:\/\/ccconsorcios.com.br\/index.php\/wp-json\/wp\/v2\/pages\/158\"><button type=\"submit\" name=\"wpforms[submit]\" id=\"wpforms-submit-183\" class=\"wpforms-submit\" data-alt-text=\"Sending...\" data-submit-text=\"Avan\u00e7ar para o download\" aria-live=\"assertive\" value=\"wpforms-submit\">Avan\u00e7ar para o download<\/button><img decoding=\"async\" src=\"https:\/\/ccconsorcios.com.br\/wp-content\/plugins\/wpforms-lite\/assets\/images\/submit-spin.svg\" class=\"wpforms-submit-spinner\" style=\"display: none;\" width=\"26\" height=\"26\" alt=\"Carregando\"><\/div><\/form><\/div>  <!-- .wpforms-container -->\t\t<\/div>\n\t\t\t\t<\/div>\n\t\t\t\t\t<\/div>\n\t\t<\/div>\n\t\t\t\t\t<\/div>\n\t\t<\/section>\n\t\t\t\t<\/div>\n\t\t","protected":false},"excerpt":{"rendered":"<p>Voc\u00ea est\u00e1 a um passo de transformar seu sonho em realidade! Preencha o formul\u00e1rio ao lado e receba o Guia Completo de Cons\u00f3rcio Imobili\u00e1rio, que vai te ajudar a: Entender como funciona o cons\u00f3rcio imobili\u00e1rio. Descobrir as vantagens incr\u00edveis da HS Cons\u00f3rcios, como o benef\u00edcio da meia parcela at\u00e9 a contempla\u00e7\u00e3o. Comparar o cons\u00f3rcio com outras modalidades e planejar sua compra com economia e seguran\u00e7a. Conhecer hist\u00f3rias reais de quem j\u00e1 conquistou seu im\u00f3vel sem juros! Facilidade, economia e liberdade financeira est\u00e3o a um clique de dist\u00e2ncia. N\u00e3o perca tempo, baixe agora e comece a transformar o seu futuro! Para iniciar o download preencha suas informa\u00e7\u00f5es Ative o JavaScript no seu navegador para preencher este formul\u00e1rio.Ative o JavaScript no seu navegador para preencher este formul\u00e1rio.Name *Telefone\/WhatsApp *Email * Qual o seu objetivo com o cons\u00f3rcio imobili\u00e1rio? * Comprar a primeira casa Investir em im\u00f3veis Trocar de im\u00f3vel Outros Voc\u00ea j\u00e1 conhece como funciona o cons\u00f3rcio imobili\u00e1rio? * Sim N\u00e3o Voc\u00ea j\u00e1 participa de algum cons\u00f3rcio? * Sim N\u00e3o Avan\u00e7ar para o download<\/p>\n","protected":false},"author":1,"featured_media":0,"parent":0,"menu_order":0,"comment_status":"closed","ping_status":"closed","template":"elementor_canvas","meta":{"footnotes":""},"class_list":["post-158","page","type-page","status-publish","hentry"],"_links":{"self":[{"href":"https:\/\/ccconsorcios.com.br\/index.php\/wp-json\/wp\/v2\/pages\/158","targetHints":{"allow":["GET"]}}],"collection":[{"href":"https:\/\/ccconsorcios.com.br\/index.php\/wp-json\/wp\/v2\/pages"}],"about":[{"href":"https:\/\/ccconsorcios.com.br\/index.php\/wp-json\/wp\/v2\/types\/page"}],"author":[{"embeddable":true,"href":"https:\/\/ccconsorcios.com.br\/index.php\/wp-json\/wp\/v2\/users\/1"}],"replies":[{"embeddable":true,"href":"https:\/\/ccconsorcios.com.br\/index.php\/wp-json\/wp\/v2\/comments?post=158"}],"version-history":[{"count":25,"href":"https:\/\/ccconsorcios.com.br\/index.php\/wp-json\/wp\/v2\/pages\/158\/revisions"}],"predecessor-version":[{"id":232,"href":"https:\/\/ccconsorcios.com.br\/index.php\/wp-json\/wp\/v2\/pages\/158\/revisions\/232"}],"wp:attachment":[{"href":"https:\/\/ccconsorcios.com.br\/index.php\/wp-json\/wp\/v2\/media?parent=158"}],"curies":[{"name":"wp","href":"https:\/\/api.w.org\/{rel}","templated":true}]}}